{"id":126,"date":"2016-09-29T13:32:36","date_gmt":"2016-09-29T16:32:36","guid":{"rendered":"https:\/\/www.shores.com.br\/?page_id=126"},"modified":"2016-10-04T10:58:43","modified_gmt":"2016-10-04T13:58:43","slug":"beneficios","status":"publish","type":"page","link":"https:\/\/www.shores.com.br\/oiuye4be7ie7ie7bi7\/beneficios\/","title":{"rendered":"Benef\u00edcios"},"content":{"rendered":"<p>Veja\u00a0\u00a0nossos benef\u00edcios.<br \/>\n<!--more--><br \/>\n<img loading=\"lazy\" decoding=\"async\" class=\"size-medium wp-image-27 alignleft\" src=\"https:\/\/www.shores.com.br\/wp-content\/uploads\/2016\/09\/seja_associado-300x300.jpg\" alt=\"seja_associado\" width=\"300\" height=\"300\" srcset=\"https:\/\/www.shores.com.br\/dv7iue78eufu76e\/wp-content\/uploads\/2016\/09\/seja_associado-300x300.jpg 300w, https:\/\/www.shores.com.br\/dv7iue78eufu76e\/wp-content\/uploads\/2016\/09\/seja_associado-150x150.jpg 150w, https:\/\/www.shores.com.br\/dv7iue78eufu76e\/wp-content\/uploads\/2016\/09\/seja_associado-768x768.jpg 768w, https:\/\/www.shores.com.br\/dv7iue78eufu76e\/wp-content\/uploads\/2016\/09\/seja_associado-270x270.jpg 270w, https:\/\/www.shores.com.br\/dv7iue78eufu76e\/wp-content\/uploads\/2016\/09\/seja_associado-230x230.jpg 230w, https:\/\/www.shores.com.br\/dv7iue78eufu76e\/wp-content\/uploads\/2016\/09\/seja_associado.jpg 960w\" sizes=\"auto, (max-width: 300px) 100vw, 300px\" \/>O Shores tem por objetivo a busca da defesa dos interesses da classe hoteleira e de restaurantes de Bel\u00e9m e Ananindeua, contribuindo para o desenvolvimento do setor, gerando neg\u00f3cios para os munic\u00edpios. Os associados do Shores possuem v\u00e1rios benef\u00edcios, como:<br \/>\n-Exames admissionais, demissionais e anuais;<br \/>\n-Orienta\u00e7\u00e3o para PCMSO e PPRA com descontos para associados;<br \/>\n-Assist\u00eancia jur\u00eddica trabalhista e acompanhamento no rito sumar\u00edssimo;<\/p>\n<p>-Assessoria jur\u00eddica orientativa para tod<span class=\"text_exposed_show\">os os associados.<br \/>\nEntre em contato conosco pelo (91) 3224-6002 ou e-mail contato@shores.com.br<\/span><\/p>\n","protected":false},"excerpt":{"rendered":"<p>Veja\u00a0\u00a0nossos benef\u00edcios.<\/p>\n","protected":false},"author":1,"featured_media":127,"parent":0,"menu_order":0,"comment_status":"closed","ping_status":"closed","template":"","meta":{"footnotes":""},"class_list":["post-126","page","type-page","status-publish","has-post-thumbnail","hentry"],"_links":{"self":[{"href":"https:\/\/www.shores.com.br\/oiuye4be7ie7ie7bi7\/wp-json\/wp\/v2\/pages\/126","targetHints":{"allow":["GET"]}}],"collection":[{"href":"https:\/\/www.shores.com.br\/oiuye4be7ie7ie7bi7\/wp-json\/wp\/v2\/pages"}],"about":[{"href":"https:\/\/www.shores.com.br\/oiuye4be7ie7ie7bi7\/wp-json\/wp\/v2\/types\/page"}],"author":[{"embeddable":true,"href":"https:\/\/www.shores.com.br\/oiuye4be7ie7ie7bi7\/wp-json\/wp\/v2\/users\/1"}],"replies":[{"embeddable":true,"href":"https:\/\/www.shores.com.br\/oiuye4be7ie7ie7bi7\/wp-json\/wp\/v2\/comments?post=126"}],"version-history":[{"count":5,"href":"https:\/\/www.shores.com.br\/oiuye4be7ie7ie7bi7\/wp-json\/wp\/v2\/pages\/126\/revisions"}],"predecessor-version":[{"id":173,"href":"https:\/\/www.shores.com.br\/oiuye4be7ie7ie7bi7\/wp-json\/wp\/v2\/pages\/126\/revisions\/173"}],"wp:featuredmedia":[{"embeddable":true,"href":"https:\/\/www.shores.com.br\/oiuye4be7ie7ie7bi7\/wp-json\/wp\/v2\/media\/127"}],"wp:attachment":[{"href":"https:\/\/www.shores.com.br\/oiuye4be7ie7ie7bi7\/wp-json\/wp\/v2\/media?parent=126"}],"curies":[{"name":"wp","href":"https:\/\/api.w.org\/{rel}","templated":true}]}}