{"id":164,"date":"2016-10-01T11:19:38","date_gmt":"2016-10-01T14:19:38","guid":{"rendered":"https:\/\/www.shores.com.br\/?page_id=164"},"modified":"2016-10-01T11:19:38","modified_gmt":"2016-10-01T14:19:38","slug":"institucional","status":"publish","type":"page","link":"https:\/\/www.shores.com.br\/oiuye4be7ie7ie7bi7\/institucional\/","title":{"rendered":"Institucional"},"content":{"rendered":"<p>Sobre<\/p>\n<p>O Shores \u00e9 o Sindicato de Hot\u00e9is e Restaurantes de Bel\u00e9m e Ananindeua. Foi institu\u00eddo como sindicato patronal em 2014 para fins de estudo e coordena\u00e7\u00e3o, prote\u00e7\u00e3o e representa\u00e7\u00e3o legal dos hot\u00e9is e restaurantes dos dois munic\u00edpios.<\/p>\n<p>Temos por objetivo a busca da defesa dos interesses da classe hoteleira e de restaurantes de Bel\u00e9m e Ananindeua, contribuindo para o desenvolvimento do setor, gerando neg\u00f3cios para os munic\u00edpios.<\/p>\n","protected":false},"excerpt":{"rendered":"<p>Sobre O Shores \u00e9 o Sindicato de Hot\u00e9is e Restaurantes de Bel\u00e9m e Ananindeua. Foi institu\u00eddo como sindicato patronal em 2014 para fins de estudo e coordena\u00e7\u00e3o, prote\u00e7\u00e3o e representa\u00e7\u00e3o legal dos hot\u00e9is e restaurantes dos dois munic\u00edpios. Temos por<\/p>\n","protected":false},"author":1,"featured_media":0,"parent":0,"menu_order":0,"comment_status":"closed","ping_status":"closed","template":"","meta":{"footnotes":""},"class_list":["post-164","page","type-page","status-publish","hentry"],"_links":{"self":[{"href":"https:\/\/www.shores.com.br\/oiuye4be7ie7ie7bi7\/wp-json\/wp\/v2\/pages\/164","targetHints":{"allow":["GET"]}}],"collection":[{"href":"https:\/\/www.shores.com.br\/oiuye4be7ie7ie7bi7\/wp-json\/wp\/v2\/pages"}],"about":[{"href":"https:\/\/www.shores.com.br\/oiuye4be7ie7ie7bi7\/wp-json\/wp\/v2\/types\/page"}],"author":[{"embeddable":true,"href":"https:\/\/www.shores.com.br\/oiuye4be7ie7ie7bi7\/wp-json\/wp\/v2\/users\/1"}],"replies":[{"embeddable":true,"href":"https:\/\/www.shores.com.br\/oiuye4be7ie7ie7bi7\/wp-json\/wp\/v2\/comments?post=164"}],"version-history":[{"count":1,"href":"https:\/\/www.shores.com.br\/oiuye4be7ie7ie7bi7\/wp-json\/wp\/v2\/pages\/164\/revisions"}],"predecessor-version":[{"id":165,"href":"https:\/\/www.shores.com.br\/oiuye4be7ie7ie7bi7\/wp-json\/wp\/v2\/pages\/164\/revisions\/165"}],"wp:attachment":[{"href":"https:\/\/www.shores.com.br\/oiuye4be7ie7ie7bi7\/wp-json\/wp\/v2\/media?parent=164"}],"curies":[{"name":"wp","href":"https:\/\/api.w.org\/{rel}","templated":true}]}}