{"id":84,"date":"2016-09-28T18:58:43","date_gmt":"2016-09-28T21:58:43","guid":{"rendered":"https:\/\/www.shores.com.br\/?page_id=84"},"modified":"2016-09-29T09:56:08","modified_gmt":"2016-09-29T12:56:08","slug":"pre-cadastro","status":"publish","type":"page","link":"https:\/\/www.shores.com.br\/oiuye4be7ie7ie7bi7\/pre-cadastro\/","title":{"rendered":"Pr\u00e9-cadastro"},"content":{"rendered":"<h2>Preencha o formul\u00e1rio para realizar seu cadastro<\/h2>\n\n<div class=\"wpcf7 no-js\" id=\"wpcf7-f83-o1\" lang=\"pt-BR\" dir=\"ltr\">\n<div class=\"screen-reader-response\"><p role=\"status\" aria-live=\"polite\" aria-atomic=\"true\"><\/p> <ul><\/ul><\/div>\n<form action=\"\/oiuye4be7ie7ie7bi7\/wp-json\/wp\/v2\/pages\/84#wpcf7-f83-o1\" method=\"post\" class=\"wpcf7-form init\" aria-label=\"Contact form\" novalidate=\"novalidate\" data-status=\"init\">\n<div style=\"display: none;\">\n<input type=\"hidden\" name=\"_wpcf7\" value=\"83\" \/>\n<input type=\"hidden\" name=\"_wpcf7_version\" value=\"5.9.5\" \/>\n<input type=\"hidden\" name=\"_wpcf7_locale\" value=\"pt_BR\" \/>\n<input type=\"hidden\" name=\"_wpcf7_unit_tag\" value=\"wpcf7-f83-o1\" \/>\n<input type=\"hidden\" name=\"_wpcf7_container_post\" value=\"0\" \/>\n<input type=\"hidden\" name=\"_wpcf7_posted_data_hash\" value=\"\" \/>\n<input type=\"hidden\" name=\"_wpcf7_recaptcha_response\" value=\"\" \/>\n<\/div>\n<p><label> Nome da empresa<br \/>\n<span class=\"wpcf7-form-control-wrap\" data-name=\"your-name\"><input size=\"40\" class=\"wpcf7-form-control wpcf7-text wpcf7-validates-as-required\" aria-required=\"true\" aria-invalid=\"false\" value=\"\" type=\"text\" name=\"your-name\" \/><\/span> <\/label>\n<\/p>\n<p><label> CNPJ<br \/>\n<span class=\"wpcf7-form-control-wrap\" data-name=\"cnpj-empresa\"><input size=\"40\" class=\"wpcf7-form-control wpcf7-text wpcf7-validates-as-required\" aria-required=\"true\" aria-invalid=\"false\" placeholder=\"Ex 01.440.833\/0001-93\" value=\"\" type=\"text\" name=\"cnpj-empresa\" \/><\/span> <\/label>\n<\/p>\n<p><label> Telefone<br \/>\n<span class=\"wpcf7-form-control-wrap\" data-name=\"telefone\"><input size=\"40\" class=\"wpcf7-form-control wpcf7-text wpcf7-validates-as-required\" aria-required=\"true\" aria-invalid=\"false\" placeholder=\"Ex (91) 32456789\" value=\"\" type=\"text\" name=\"telefone\" \/><\/span> <\/label>\n<\/p>\n<p><label> Seu e-mail<br \/>\n<span class=\"wpcf7-form-control-wrap\" data-name=\"your-email\"><input size=\"40\" class=\"wpcf7-form-control wpcf7-email wpcf7-validates-as-required wpcf7-text wpcf7-validates-as-email\" aria-required=\"true\" aria-invalid=\"false\" value=\"\" type=\"email\" name=\"your-email\" \/><\/span> <\/label>\n<\/p>\n<p><label> Endere\u00e7o<br \/>\n<span class=\"wpcf7-form-control-wrap\" data-name=\"endereco\"><input size=\"40\" class=\"wpcf7-form-control wpcf7-text wpcf7-validates-as-required\" aria-required=\"true\" aria-invalid=\"false\" value=\"\" type=\"text\" name=\"endereco\" \/><\/span> <\/label>\n<\/p>\n\n<p><input class=\"wpcf7-form-control wpcf7-submit has-spinner\" type=\"submit\" value=\"Enviar\" \/>\n<\/p><div class=\"wpcf7-response-output\" aria-hidden=\"true\"><\/div>\n<\/form>\n<\/div>\n\n<h3>Entraremos em contato para finalizar sua ades\u00e3o e esclarecer suas d\u00favidas.<\/h3>\n","protected":false},"excerpt":{"rendered":"<p>Preencha o formul\u00e1rio para realizar seu cadastro Entraremos em contato para finalizar sua ades\u00e3o e esclarecer suas d\u00favidas.<\/p>\n","protected":false},"author":1,"featured_media":0,"parent":0,"menu_order":0,"comment_status":"closed","ping_status":"closed","template":"","meta":{"footnotes":""},"class_list":["post-84","page","type-page","status-publish","hentry"],"_links":{"self":[{"href":"https:\/\/www.shores.com.br\/oiuye4be7ie7ie7bi7\/wp-json\/wp\/v2\/pages\/84","targetHints":{"allow":["GET"]}}],"collection":[{"href":"https:\/\/www.shores.com.br\/oiuye4be7ie7ie7bi7\/wp-json\/wp\/v2\/pages"}],"about":[{"href":"https:\/\/www.shores.com.br\/oiuye4be7ie7ie7bi7\/wp-json\/wp\/v2\/types\/page"}],"author":[{"embeddable":true,"href":"https:\/\/www.shores.com.br\/oiuye4be7ie7ie7bi7\/wp-json\/wp\/v2\/users\/1"}],"replies":[{"embeddable":true,"href":"https:\/\/www.shores.com.br\/oiuye4be7ie7ie7bi7\/wp-json\/wp\/v2\/comments?post=84"}],"version-history":[{"count":5,"href":"https:\/\/www.shores.com.br\/oiuye4be7ie7ie7bi7\/wp-json\/wp\/v2\/pages\/84\/revisions"}],"predecessor-version":[{"id":95,"href":"https:\/\/www.shores.com.br\/oiuye4be7ie7ie7bi7\/wp-json\/wp\/v2\/pages\/84\/revisions\/95"}],"wp:attachment":[{"href":"https:\/\/www.shores.com.br\/oiuye4be7ie7ie7bi7\/wp-json\/wp\/v2\/media?parent=84"}],"curies":[{"name":"wp","href":"https:\/\/api.w.org\/{rel}","templated":true}]}}